{"id":51,"date":"2024-11-06T12:01:10","date_gmt":"2024-11-06T12:01:10","guid":{"rendered":"https:\/\/evaterapeuta.com\/?page_id=51"},"modified":"2025-06-20T13:22:38","modified_gmt":"2025-06-20T13:22:38","slug":"home","status":"publish","type":"page","link":"https:\/\/evaterapeuta.com\/?page_id=51","title":{"rendered":"Home1"},"content":{"rendered":"\t\t<div data-elementor-type=\"wp-page\" data-elementor-id=\"51\" class=\"elementor elementor-51\">\n\t\t\t\t<div class=\"elementor-element elementor-element-2bdc896 e-flex e-con-boxed e-con e-parent\" data-id=\"2bdc896\" data-element_type=\"container\" data-e-type=\"container\">\n\t\t\t\t\t<div class=\"e-con-inner\">\n\t\t\t\t<div class=\"elementor-element elementor-element-9e7adc0 elementor-widget-divider--view-line elementor-widget elementor-widget-divider\" data-id=\"9e7adc0\" data-element_type=\"widget\" data-e-type=\"widget\" data-widget_type=\"divider.default\">\n\t\t\t\t<div class=\"elementor-widget-container\">\n\t\t\t\t\t\t\t<div class=\"elementor-divider\">\n\t\t\t<span class=\"elementor-divider-separator\">\n\t\t\t\t\t\t<\/span>\n\t\t<\/div>\n\t\t\t\t\t\t<\/div>\n\t\t\t\t<\/div>\n\t\t\t\t\t<\/div>\n\t\t\t\t<\/div>\n\t\t<div class=\"elementor-element elementor-element-5fe02d0 e-flex e-con-boxed e-con e-parent\" data-id=\"5fe02d0\" data-element_type=\"container\" data-e-type=\"container\">\n\t\t\t\t\t<div class=\"e-con-inner\">\n\t\t\t\t<div class=\"elementor-element elementor-element-d35c539 elementor-widget elementor-widget-video\" data-id=\"d35c539\" data-element_type=\"widget\" data-e-type=\"widget\" data-settings=\"{&quot;video_type&quot;:&quot;hosted&quot;,&quot;autoplay&quot;:&quot;yes&quot;,&quot;controls&quot;:&quot;yes&quot;}\" data-widget_type=\"video.default\">\n\t\t\t\t<div class=\"elementor-widget-container\">\n\t\t\t\t\t\t\t<div class=\"e-hosted-video elementor-wrapper elementor-open-inline\">\n\t\t\t\t\t<video class=\"elementor-video\" src=\"https:\/\/evaterapeuta.com\/wp-content\/uploads\/2025\/03\/soy-eva-terapeuta-terapeuta-acreditada-lnt-y-te-voy-a-ayudar-a-sanar-4.mp4\" autoplay=\"\" controls=\"\" controlsList=\"nodownload\"><\/video>\n\t\t\t\t<\/div>\n\t\t\t\t\t\t<\/div>\n\t\t\t\t<\/div>\n\t\t\t\t\t<\/div>\n\t\t\t\t<\/div>\n\t\t<div class=\"elementor-element elementor-element-b57350a e-grid e-con-boxed e-con e-parent\" data-id=\"b57350a\" data-element_type=\"container\" data-e-type=\"container\">\n\t\t\t\t\t<div class=\"e-con-inner\">\n\t\t\t\t\t<\/div>\n\t\t\t\t<\/div>\n\t\t<div class=\"elementor-element elementor-element-6fd6e32 e-grid e-con-boxed e-con e-parent\" data-id=\"6fd6e32\" data-element_type=\"container\" data-e-type=\"container\" data-settings=\"{&quot;background_background&quot;:&quot;gradient&quot;}\">\n\t\t\t\t\t<div class=\"e-con-inner\">\n\t\t\t\t\t<\/div>\n\t\t\t\t<\/div>\n\t\t<div class=\"elementor-element elementor-element-8fea591 e-flex e-con-boxed e-con e-parent\" data-id=\"8fea591\" data-element_type=\"container\" data-e-type=\"container\">\n\t\t\t\t\t<div class=\"e-con-inner\">\n\t\t<div class=\"elementor-element elementor-element-529055a e-con-full e-flex e-con e-child\" data-id=\"529055a\" data-element_type=\"container\" data-e-type=\"container\">\n\t\t<div class=\"elementor-element elementor-element-f27d6a5 e-grid e-con-full e-con e-child\" data-id=\"f27d6a5\" data-element_type=\"container\" data-e-type=\"container\" data-settings=\"{&quot;background_background&quot;:&quot;classic&quot;}\">\n\t\t\t\t<div class=\"elementor-element elementor-element-58ae11f elementor-widget elementor-widget-image\" data-id=\"58ae11f\" data-element_type=\"widget\" data-e-type=\"widget\" data-widget_type=\"image.default\">\n\t\t\t\t<div class=\"elementor-widget-container\">\n\t\t\t\t\t\t\t\t\t\t\t\t\t\t\t<img fetchpriority=\"high\" decoding=\"async\" width=\"768\" height=\"1024\" src=\"https:\/\/evaterapeuta.com\/wp-content\/uploads\/2025\/03\/WhatsApp-Image-2025-02-19-at-22.01.57-768x1024.jpeg\" class=\"attachment-large size-large wp-image-687\" alt=\"\" srcset=\"https:\/\/evaterapeuta.com\/wp-content\/uploads\/2025\/03\/WhatsApp-Image-2025-02-19-at-22.01.57-768x1024.jpeg 768w, https:\/\/evaterapeuta.com\/wp-content\/uploads\/2025\/03\/WhatsApp-Image-2025-02-19-at-22.01.57-225x300.jpeg 225w, https:\/\/evaterapeuta.com\/wp-content\/uploads\/2025\/03\/WhatsApp-Image-2025-02-19-at-22.01.57-1152x1536.jpeg 1152w, https:\/\/evaterapeuta.com\/wp-content\/uploads\/2025\/03\/WhatsApp-Image-2025-02-19-at-22.01.57.jpeg 1200w\" sizes=\"(max-width: 768px) 100vw, 768px\" \/>\t\t\t\t\t\t\t\t\t\t\t\t\t\t\t<\/div>\n\t\t\t\t<\/div>\n\t\t\t\t<div class=\"elementor-element elementor-element-e8ce167 elementor-widget elementor-widget-text-editor\" data-id=\"e8ce167\" data-element_type=\"widget\" data-e-type=\"widget\" data-widget_type=\"text-editor.default\">\n\t\t\t\t<div class=\"elementor-widget-container\">\n\t\t\t\t\t\t\t\t\t<p>Lorem ipsum dolor sit amet, consectetur adipiscing elit. Ut elit tellus, luctus nec ullamcorper mattis, pulvinar dapibus leo.<\/p>\t\t\t\t\t\t\t\t<\/div>\n\t\t\t\t<\/div>\n\t\t\t\t<div class=\"elementor-element elementor-element-d4acf54 elementor-widget elementor-widget-heading\" data-id=\"d4acf54\" data-element_type=\"widget\" data-e-type=\"widget\" data-widget_type=\"heading.default\">\n\t\t\t\t<div class=\"elementor-widget-container\">\n\t\t\t\t\t<h2 class=\"elementor-heading-title elementor-size-default\">hola<br><\/h2>\t\t\t\t<\/div>\n\t\t\t\t<\/div>\n\t\t\t\t<\/div>\n\t\t\t\t<\/div>\n\t\t\t\t\t<\/div>\n\t\t\t\t<\/div>\n\t\t<div class=\"elementor-element elementor-element-d30d7d3 e-flex e-con-boxed e-con e-parent\" data-id=\"d30d7d3\" data-element_type=\"container\" data-e-type=\"container\">\n\t\t\t\t\t<div class=\"e-con-inner\">\n\t\t<div class=\"elementor-element elementor-element-9104749 e-con-full e-flex e-con e-child\" data-id=\"9104749\" data-element_type=\"container\" data-e-type=\"container\">\n\t\t<div class=\"elementor-element elementor-element-22b84af e-grid e-con-full e-con e-child\" data-id=\"22b84af\" data-element_type=\"container\" data-e-type=\"container\" data-settings=\"{&quot;background_background&quot;:&quot;classic&quot;}\">\n\t\t\t\t<div class=\"elementor-element elementor-element-3e27c53 elementor-widget elementor-widget-image\" data-id=\"3e27c53\" data-element_type=\"widget\" data-e-type=\"widget\" data-widget_type=\"image.default\">\n\t\t\t\t<div class=\"elementor-widget-container\">\n\t\t\t\t\t\t\t\t\t\t\t\t\t\t\t<img decoding=\"async\" width=\"800\" height=\"600\" src=\"https:\/\/evaterapeuta.com\/wp-content\/uploads\/2025\/03\/WhatsApp-Image-2025-02-19-at-22.02.20-1-1024x768.jpeg\" class=\"attachment-large size-large wp-image-684\" alt=\"\" srcset=\"https:\/\/evaterapeuta.com\/wp-content\/uploads\/2025\/03\/WhatsApp-Image-2025-02-19-at-22.02.20-1-1024x768.jpeg 1024w, https:\/\/evaterapeuta.com\/wp-content\/uploads\/2025\/03\/WhatsApp-Image-2025-02-19-at-22.02.20-1-300x225.jpeg 300w, https:\/\/evaterapeuta.com\/wp-content\/uploads\/2025\/03\/WhatsApp-Image-2025-02-19-at-22.02.20-1-768x576.jpeg 768w, https:\/\/evaterapeuta.com\/wp-content\/uploads\/2025\/03\/WhatsApp-Image-2025-02-19-at-22.02.20-1-1536x1152.jpeg 1536w, https:\/\/evaterapeuta.com\/wp-content\/uploads\/2025\/03\/WhatsApp-Image-2025-02-19-at-22.02.20-1.jpeg 1600w\" sizes=\"(max-width: 800px) 100vw, 800px\" \/>\t\t\t\t\t\t\t\t\t\t\t\t\t\t\t<\/div>\n\t\t\t\t<\/div>\n\t\t\t\t<div class=\"elementor-element elementor-element-db5b1a8 elementor-widget elementor-widget-text-editor\" data-id=\"db5b1a8\" data-element_type=\"widget\" data-e-type=\"widget\" data-widget_type=\"text-editor.default\">\n\t\t\t\t<div class=\"elementor-widget-container\">\n\t\t\t\t\t\t\t\t\t<h2 class=\"p1\">\u00a0\u00bfPor qu\u00e9 la LNT?<\/h2><p class=\"p2\"><span class=\"s1\"><b>\u00a0<\/b><\/span><\/p><p class=\"p2\"><span class=\"s1\">Porque la LNT es una de las terapias m\u00e1s eficientes que puedes encontrar dentro de las terapias energ\u00e9ticas. Su aplicaci\u00f3n es sencilla y puedes encontrar mejora desde la primera sesi\u00f3n.<\/span><\/p><div><span class=\"s1\">\u00a0<\/span><\/div><p class=\"p1\" style=\"margin: 0px; font-variant-numeric: normal; font-variant-east-asian: normal; font-variant-alternates: normal; font-size-adjust: none; font-kerning: auto; font-optical-sizing: auto; font-feature-settings: normal; font-variation-settings: normal; font-variant-position: normal; font-stretch: normal; line-height: normal; font-family: '.SF NS'; color: #0e0e0e; letter-spacing: normal;\">\u00a0<\/p>\t\t\t\t\t\t\t\t<\/div>\n\t\t\t\t<\/div>\n\t\t\t\t<\/div>\n\t\t\t\t<\/div>\n\t\t\t\t\t<\/div>\n\t\t\t\t<\/div>\n\t\t<div class=\"elementor-element elementor-element-7dd7d07 e-flex e-con-boxed e-con e-parent\" data-id=\"7dd7d07\" data-element_type=\"container\" data-e-type=\"container\">\n\t\t\t\t\t<div class=\"e-con-inner\">\n\t\t\t\t<div class=\"elementor-element elementor-element-34434d0 elementor-widget elementor-widget-html\" data-id=\"34434d0\" data-element_type=\"widget\" data-e-type=\"widget\" data-widget_type=\"html.default\">\n\t\t\t\t<div class=\"elementor-widget-container\">\n\t\t\t\t\t<style>\n.pastillas-wrapper {\n  display: flex;\n  flex-wrap: wrap;\n  gap: 20px;\n  justify-content: center;\n}\n\n.pastilla-eva {\n  background-color: #e1dddd;\n  color: #706969;\n  padding: 25px;\n  border-radius: 20px;\n  text-align: left;\n  text-decoration: none;\n  transition: all 0.3s ease;\n  border: 2px solid #706969;\n  font-size: 16px;\n  line-height: 1.6;\n  width: 100%;\n  max-width: 500px;\n  height: 100%;\n  flex: 1 1 45%;\n  display: flex;\n  flex-direction: column;\n  justify-content: space-between;\n}\n\n.pastilla-eva:hover {\n  background-color: #706969;\n  color: #e1dddd;\n  cursor: pointer;\n}\n\n.pastilla-eva h3 {\n  margin-top: 0;\n  font-size: 20px;\n  font-weight: bold;\n}\n\n.pastilla-eva p {\n  margin-bottom: 0;\n}\n\n\/* Responsive en m\u00f3viles *\/\n@media (max-width: 768px) {\n  .pastillas-wrapper {\n    flex-direction: column;\n    align-items: stretch;\n  }\n\n  .pastilla-eva {\n    flex: 1 1 100%;\n    max-width: 100%;\n  }\n}\n<\/style>\n\n<div class=\"pastillas-wrapper\">\n  <div class=\"pastilla-eva\">\n    <h3>\u00c1rea F\u00edsica con LNT\u00ae<\/h3>\n    <p>Dolores cr\u00f3nicos, desequilibrios hormonales, afecciones dermatol\u00f3gicas, menopausia, obesidad, trastornos neurol\u00f3gicos y recuperaci\u00f3n postoperatoria.<\/p>\n  <\/div>\n\n  <div class=\"pastilla-eva\">\n    <h3>\u00c1rea Psicol\u00f3gica con LNT\u00ae<\/h3>\n    <p>Traumas emocionales, ansiedad, adicciones, trastornos alimentarios, insomnio, TEA, TOC, dificultades de aprendizaje y abuso sexual.<\/p>\n  <\/div>\n<\/div>\t\t\t\t<\/div>\n\t\t\t\t<\/div>\n\t\t\t\t\t<\/div>\n\t\t\t\t<\/div>\n\t\t<div class=\"elementor-element elementor-element-bfdbf6b e-flex e-con-boxed e-con e-parent\" data-id=\"bfdbf6b\" data-element_type=\"container\" data-e-type=\"container\">\n\t\t\t\t\t<div class=\"e-con-inner\">\n\t\t\t\t<div class=\"elementor-element elementor-element-3dad58c elementor-widget elementor-widget-html\" data-id=\"3dad58c\" data-element_type=\"widget\" data-e-type=\"widget\" data-widget_type=\"html.default\">\n\t\t\t\t<div class=\"elementor-widget-container\">\n\t\t\t\t\t<style>\n.pastilla-eva {\n  background-color: #e1dddd;\n  color: #ffffff;\n  padding: 25px;\n  border-radius: 20px;\n  text-align: left;\n  text-decoration: none;\n  transition: all 0.3s ease;\n  border: 2px solid #e1dddd;\n  font-size: 16px;\n  line-height: 1.6;\n  width: 100%;\n  max-width: 500px;\n  height: 100%;\n  display: flex;\n  flex-direction: column;\n  justify-content: space-between;\n}\n\n.pastilla-eva:hover {\n  background-color: #ffffff;\n  color: #e1dddd;\n  cursor: pointer;\n}\n\n.pastilla-eva h3 {\n  margin-top: 0;\n  font-size: 20px;\n  font-weight: bold;\n  color: inherit;\n}\n\n.pastilla-eva p {\n  margin-bottom: 0;\n  color: inherit;\n}\n\n.pastilla-radiestesia-wrapper {\n  display: flex;\n  justify-content: center;\n  margin-top: 20px;\n}\n\n\/* Responsive para m\u00f3viles *\/\n@media (max-width: 768px) {\n  .pastilla-radiestesia-wrapper {\n    flex-direction: column;\n    align-items: center;\n  }\n\n  .pastilla-eva {\n    max-width: 100%;\n  }\n}\n<\/style>\n\n<div class=\"pastilla-radiestesia-wrapper\">\n  <a href=\"\/radiestesia\" class=\"pastilla-eva\">\n    <h3>Radiestesia<\/h3>\n    <p>Tratamiento energ\u00e9tico para elevar la vitalidad f\u00edsica y ps\u00edquica, corregir intolerancias alimentarias, reducir poluciones, alinear chakras y potenciar la energ\u00eda.<\/p>\n  <\/a>\n<\/div>\t\t\t\t<\/div>\n\t\t\t\t<\/div>\n\t\t\t\t\t<\/div>\n\t\t\t\t<\/div>\n\t\t<div class=\"elementor-element elementor-element-0673055 e-flex e-con-boxed e-con e-parent\" data-id=\"0673055\" data-element_type=\"container\" data-e-type=\"container\">\n\t\t\t\t\t<div class=\"e-con-inner\">\n\t\t<div class=\"elementor-element elementor-element-d279562 e-con-full e-flex e-con e-child\" data-id=\"d279562\" data-element_type=\"container\" data-e-type=\"container\">\n\t\t\t\t<div class=\"elementor-element elementor-element-419e16e elementor-widget elementor-widget-html\" data-id=\"419e16e\" data-element_type=\"widget\" data-e-type=\"widget\" data-widget_type=\"html.default\">\n\t\t\t\t<div class=\"elementor-widget-container\">\n\t\t\t\t\t<style>\n.testimonio-container {\n  display: flex;\n  flex-wrap: wrap;\n  gap: 30px;\n  justify-content: center;\n  padding: 60px 20px;\n  background: #f8f8f8;\n}\n\n.testimonio {\n  width: 45%;\n  max-width: 400px;\n  position: relative;\n  cursor: pointer;\n  border-radius: 10px;\n  overflow: hidden;\n  box-shadow: 0 4px 12px rgba(0,0,0,0.1);\n  transition: transform 0.3s ease;\n}\n\n.testimonio:hover {\n  transform: scale(1.02);\n}\n\n.testimonio img {\n  width: 100%;\n  display: block;\n}\n\n.testimonio iframe {\n  display: none;\n  width: 100%;\n  height: 225px;\n  border: none;\n}\n\n@media (max-width: 768px) {\n  .testimonio {\n    width: 100%;\n  }\n}\n<\/style>\n\n<div class=\"testimonio-container\">\n\n  <!-- TESTIMONIO 1 -->\n  <div class=\"testimonio\" onclick=\"mostrarVideo(this)\">\n    <img decoding=\"async\" src=\"https:\/\/ruta-a-tu-imagen1.jpg\" alt=\"Testimonio 1\">\n    <iframe src=\"https:\/\/www.youtube.com\/embed\/VIDEO_ID_1\" allowfullscreen><\/iframe>\n  <\/div>\n\n  <!-- TESTIMONIO 2 -->\n  <div class=\"testimonio\" onclick=\"mostrarVideo(this)\">\n    <img decoding=\"async\" src=\"https:\/\/ruta-a-tu-imagen2.jpg\" alt=\"Testimonio 2\">\n    <iframe src=\"https:\/\/www.youtube.com\/embed\/VIDEO_ID_2\" allowfullscreen><\/iframe>\n  <\/div>\n\n  <!-- TESTIMONIO 3 -->\n  <div class=\"testimonio\" onclick=\"mostrarVideo(this)\">\n    <img decoding=\"async\" src=\"https:\/\/ruta-a-tu-imagen3.jpg\" alt=\"Testimonio 3\">\n    <iframe src=\"https:\/\/www.youtube.com\/embed\/VIDEO_ID_3\" allowfullscreen><\/iframe>\n  <\/div>\n\n  <!-- TESTIMONIO 4 -->\n  <div class=\"testimonio\" onclick=\"mostrarVideo(this)\">\n    <img decoding=\"async\" src=\"https:\/\/ruta-a-tu-imagen4.jpg\" alt=\"Testimonio 4\">\n    <iframe src=\"https:\/\/www.youtube.com\/embed\/VIDEO_ID_4\" allowfullscreen><\/iframe>\n  <\/div>\n\n<\/div>\n\n<script>\nfunction mostrarVideo(card) {\n  const img = card.querySelector('img');\n  const video = card.querySelector('iframe');\n  img.style.display = 'none';\n  video.style.display = 'block';\n}\n<\/script>\t\t\t\t<\/div>\n\t\t\t\t<\/div>\n\t\t\t\t<\/div>\n\t\t\t\t\t<\/div>\n\t\t\t\t<\/div>\n\t\t\t\t<\/div>\n\t\t","protected":false},"excerpt":{"rendered":"<p>https:\/\/evaterapeuta.com\/wp-content\/uploads\/2025\/03\/soy-eva-terapeuta-terapeuta-acreditada-lnt-y-te-voy-a-ayudar-a-sanar-4.mp4 Lorem ipsum dolor sit amet, consectetur adipiscing elit. Ut elit tellus, luctus nec ullamcorper mattis, pulvinar dapibus leo. hola \u00a0\u00bfPor qu\u00e9 la LNT? \u00a0 Porque la LNT es una de las terapias m\u00e1s eficientes que puedes encontrar dentro de las terapias energ\u00e9ticas. Su aplicaci\u00f3n es sencilla y puedes encontrar mejora desde la primera sesi\u00f3n. [&hellip;]<\/p>\n","protected":false},"author":1,"featured_media":0,"parent":0,"menu_order":0,"comment_status":"closed","ping_status":"closed","template":"elementor_header_footer","meta":{"footnotes":""},"class_list":["post-51","page","type-page","status-publish","hentry"],"_links":{"self":[{"href":"https:\/\/evaterapeuta.com\/index.php?rest_route=\/wp\/v2\/pages\/51","targetHints":{"allow":["GET"]}}],"collection":[{"href":"https:\/\/evaterapeuta.com\/index.php?rest_route=\/wp\/v2\/pages"}],"about":[{"href":"https:\/\/evaterapeuta.com\/index.php?rest_route=\/wp\/v2\/types\/page"}],"author":[{"embeddable":true,"href":"https:\/\/evaterapeuta.com\/index.php?rest_route=\/wp\/v2\/users\/1"}],"replies":[{"embeddable":true,"href":"https:\/\/evaterapeuta.com\/index.php?rest_route=%2Fwp%2Fv2%2Fcomments&post=51"}],"version-history":[{"count":318,"href":"https:\/\/evaterapeuta.com\/index.php?rest_route=\/wp\/v2\/pages\/51\/revisions"}],"predecessor-version":[{"id":971,"href":"https:\/\/evaterapeuta.com\/index.php?rest_route=\/wp\/v2\/pages\/51\/revisions\/971"}],"wp:attachment":[{"href":"https:\/\/evaterapeuta.com\/index.php?rest_route=%2Fwp%2Fv2%2Fmedia&parent=51"}],"curies":[{"name":"wp","href":"https:\/\/api.w.org\/{rel}","templated":true}]}}