{"id":46,"date":"2024-11-06T12:01:09","date_gmt":"2024-11-06T12:01:09","guid":{"rendered":"https:\/\/evaterapeuta.com\/?page_id=46"},"modified":"2024-11-14T13:59:50","modified_gmt":"2024-11-14T13:59:50","slug":"about-me","status":"publish","type":"page","link":"https:\/\/evaterapeuta.com\/?page_id=46","title":{"rendered":"About Me"},"content":{"rendered":"\t\t<div data-elementor-type=\"wp-page\" data-elementor-id=\"46\" class=\"elementor elementor-46\">\n\t\t\t\t<div class=\"elementor-element elementor-element-fb569d7 e-grid e-con-boxed e-con e-parent\" data-id=\"fb569d7\" data-element_type=\"container\" data-e-type=\"container\">\n\t\t\t\t\t<div class=\"e-con-inner\">\n\t\t\t\t<div class=\"elementor-element elementor-element-2bb59ab elementor-widget elementor-widget-image\" data-id=\"2bb59ab\" data-element_type=\"widget\" data-e-type=\"widget\" data-widget_type=\"image.default\">\n\t\t\t\t<div class=\"elementor-widget-container\">\n\t\t\t\t\t\t\t\t\t\t\t\t\t\t\t<img fetchpriority=\"high\" decoding=\"async\" width=\"800\" height=\"860\" src=\"https:\/\/evaterapeuta.com\/wp-content\/uploads\/2024\/11\/WhatsApp-Image-2024-11-07-at-11.20.58.webp\" class=\"attachment-large size-large wp-image-169\" alt=\"\" srcset=\"https:\/\/evaterapeuta.com\/wp-content\/uploads\/2024\/11\/WhatsApp-Image-2024-11-07-at-11.20.58.webp 843w, https:\/\/evaterapeuta.com\/wp-content\/uploads\/2024\/11\/WhatsApp-Image-2024-11-07-at-11.20.58-279x300.webp 279w, https:\/\/evaterapeuta.com\/wp-content\/uploads\/2024\/11\/WhatsApp-Image-2024-11-07-at-11.20.58-768x825.webp 768w\" sizes=\"(max-width: 800px) 100vw, 800px\" \/>\t\t\t\t\t\t\t\t\t\t\t\t\t\t\t<\/div>\n\t\t\t\t<\/div>\n\t\t\t\t<div class=\"elementor-element elementor-element-f8a2d60 elementor-widget elementor-widget-text-editor\" data-id=\"f8a2d60\" data-element_type=\"widget\" data-e-type=\"widget\" data-widget_type=\"text-editor.default\">\n\t\t\t\t<div class=\"elementor-widget-container\">\n\t\t\t\t\t\t\t\t\t<p><strong>\u201cT\u00fa siempre fuiste terapeuta\u201d<\/strong>, esas fueron las palabras de un compa\u00f1ero terapeuta que resonaron profundamente en m\u00ed. Despu\u00e9s de un largo camino como emprendedora y empresaria, he encontrado una nueva faceta en mi vida que me llena de dicha: repartir salud a quienes me rodean y a mis pacientes. Este nuevo prop\u00f3sito me ha dado un para qu\u00e9 que pocas veces hab\u00eda experimentado.<\/p><p>Durante mi carrera anterior, trabaj\u00e9 en m\u00faltiples sectores, desde la moda hasta el industrial, tanto en venta directa como en B2B. Mi experiencia me ense\u00f1\u00f3 el valor del compromiso, la empat\u00eda y la atenci\u00f3n al detalle. Hoy, como terapeuta acreditada en La Nueva Terapia (LNT), pongo esas mismas cualidades al servicio del bienestar de mis pacientes.<\/p><p>Si tienes un problema de salud, emocional, o relacionado con las relaciones, contacta conmigo. Mi enfoque se centra en el bienestar integral, con el objetivo de ayudarte a encontrar un equilibrio profundo y duradero en tu vida<\/p>\t\t\t\t\t\t\t\t<\/div>\n\t\t\t\t<\/div>\n\t\t\t\t\t<\/div>\n\t\t\t\t<\/div>\n\t\t\t\t<\/div>\n\t\t","protected":false},"excerpt":{"rendered":"<p>\u201cT\u00fa siempre fuiste terapeuta\u201d, esas fueron las palabras de un compa\u00f1ero terapeuta que resonaron profundamente en m\u00ed. Despu\u00e9s de un largo camino como emprendedora y empresaria, he encontrado una nueva faceta en mi vida que me llena de dicha: repartir salud a quienes me rodean y a mis pacientes. Este nuevo prop\u00f3sito me ha dado [&hellip;]<\/p>\n","protected":false},"author":1,"featured_media":0,"parent":0,"menu_order":0,"comment_status":"closed","ping_status":"closed","template":"","meta":{"footnotes":""},"class_list":["post-46","page","type-page","status-publish","hentry"],"_links":{"self":[{"href":"https:\/\/evaterapeuta.com\/index.php?rest_route=\/wp\/v2\/pages\/46","targetHints":{"allow":["GET"]}}],"collection":[{"href":"https:\/\/evaterapeuta.com\/index.php?rest_route=\/wp\/v2\/pages"}],"about":[{"href":"https:\/\/evaterapeuta.com\/index.php?rest_route=\/wp\/v2\/types\/page"}],"author":[{"embeddable":true,"href":"https:\/\/evaterapeuta.com\/index.php?rest_route=\/wp\/v2\/users\/1"}],"replies":[{"embeddable":true,"href":"https:\/\/evaterapeuta.com\/index.php?rest_route=%2Fwp%2Fv2%2Fcomments&post=46"}],"version-history":[{"count":29,"href":"https:\/\/evaterapeuta.com\/index.php?rest_route=\/wp\/v2\/pages\/46\/revisions"}],"predecessor-version":[{"id":423,"href":"https:\/\/evaterapeuta.com\/index.php?rest_route=\/wp\/v2\/pages\/46\/revisions\/423"}],"wp:attachment":[{"href":"https:\/\/evaterapeuta.com\/index.php?rest_route=%2Fwp%2Fv2%2Fmedia&parent=46"}],"curies":[{"name":"wp","href":"https:\/\/api.w.org\/{rel}","templated":true}]}}